{"id":129,"date":"2012-11-08T13:34:24","date_gmt":"2012-11-08T12:34:24","guid":{"rendered":"http:\/\/e97.ch\/WordPress\/?page_id=129"},"modified":"2021-07-09T06:34:19","modified_gmt":"2021-07-09T05:34:19","slug":"ski-weekend-2012","status":"publish","type":"page","link":"https:\/\/e97.ch\/WordPress\/weekends\/ski-weekend-2012\/","title":{"rendered":"Ski-Weekend 2012"},"content":{"rendered":"<table>\n<tbody>\n<tr>\n<td>Datum<\/td>\n<td>16.3.12 &#8211; 18.3.12<\/td>\n<\/tr>\n<tr>\n<td>Ort<\/td>\n<td><a title=\"Hotel Kr\u00fczli, Sedrun\" href=\"https:\/\/e97.ch\/WordPress\/pictures\/hotel-kruezli.png\" rel=\"lytebox\">Hotel<\/a>\u00a0<a title=\"Hotel Kr\u00fczli, Sedrun\" href=\"http:\/\/www.kruezli.ch\" target=\"_blank\" rel=\"noopener\">Kr\u00fczli,<\/a>\u00a0<a href=\"http:\/\/www.disentis-sedrun.com\/\" target=\"_blank\" rel=\"noopener\">Sedrun<\/a><\/td>\n<\/tr>\n<tr>\n<td>Teilnehmer<\/td>\n<td><a title=\"Google-Umfrage\" href=\"https:\/\/e97.ch\/WordPress\/pictures\/hsr-skiweekend-2012-teilnehmer.jpg\" rel=\"lytebox\">Rekordverd\u00e4chtige 13 Teilnehmer -&gt; Google-Umfrage<\/a><\/td>\n<\/tr>\n<\/tbody>\n<\/table>\n<p>&nbsp;<\/p>\n<p><strong>Einige Bilder<\/strong><\/p>\n<p>&nbsp;<\/p>\n<div id=\"attachment_131\" style=\"width: 310px\" class=\"wp-caption aligncenter\"><a href=\"https:\/\/e97.ch\/WordPress\/wp-content\/uploads\/2012\/11\/20120316_142722.jpg\"><img loading=\"lazy\" decoding=\"async\" aria-describedby=\"caption-attachment-131\" class=\"size-medium wp-image-131\" title=\"20120316_142722\" alt=\"Restaurant Alpsu, 2012-03-16\" src=\"https:\/\/e97.ch\/WordPress\/wp-content\/uploads\/2012\/11\/20120316_142722-300x225.jpg\" width=\"300\" height=\"225\" srcset=\"https:\/\/e97.ch\/WordPress\/wp-content\/uploads\/2012\/11\/20120316_142722-300x225.jpg 300w, https:\/\/e97.ch\/WordPress\/wp-content\/uploads\/2012\/11\/20120316_142722-1024x768.jpg 1024w, https:\/\/e97.ch\/WordPress\/wp-content\/uploads\/2012\/11\/20120316_142722-200x150.jpg 200w\" sizes=\"(max-width: 300px) 100vw, 300px\" \/><\/a><p id=\"caption-attachment-131\" class=\"wp-caption-text\">Verpflegung bei sch\u00f6nstem Wetter<\/p><\/div>\n<div id=\"attachment_132\" style=\"width: 310px\" class=\"wp-caption aligncenter\"><a href=\"https:\/\/e97.ch\/WordPress\/wp-content\/uploads\/2012\/11\/20120316_142733.jpg\"><img loading=\"lazy\" decoding=\"async\" aria-describedby=\"caption-attachment-132\" class=\"size-medium wp-image-132\" title=\"20120316_142733\" alt=\"Restaurant Alpsu, 2012-03-16\" src=\"https:\/\/e97.ch\/WordPress\/wp-content\/uploads\/2012\/11\/20120316_142733-300x225.jpg\" width=\"300\" height=\"225\" srcset=\"https:\/\/e97.ch\/WordPress\/wp-content\/uploads\/2012\/11\/20120316_142733-300x225.jpg 300w, https:\/\/e97.ch\/WordPress\/wp-content\/uploads\/2012\/11\/20120316_142733-1024x768.jpg 1024w, https:\/\/e97.ch\/WordPress\/wp-content\/uploads\/2012\/11\/20120316_142733-200x150.jpg 200w\" sizes=\"(max-width: 300px) 100vw, 300px\" \/><\/a><p id=\"caption-attachment-132\" class=\"wp-caption-text\">s\u00fcnn\u00e4l\u00e4, so gem\u00fctlich.<\/p><\/div>\n<div id=\"attachment_133\" style=\"width: 310px\" class=\"wp-caption aligncenter\"><a href=\"https:\/\/e97.ch\/WordPress\/wp-content\/uploads\/2012\/11\/20120316_160231.jpg\"><img loading=\"lazy\" decoding=\"async\" aria-describedby=\"caption-attachment-133\" class=\"size-medium wp-image-133\" title=\"20120316_160231\" alt=\"Auf der Piste zwischen Rest. Alpsu und Rest. Sudada, 2012-03-16\" src=\"https:\/\/e97.ch\/WordPress\/wp-content\/uploads\/2012\/11\/20120316_160231-300x225.jpg\" width=\"300\" height=\"225\" srcset=\"https:\/\/e97.ch\/WordPress\/wp-content\/uploads\/2012\/11\/20120316_160231-300x225.jpg 300w, https:\/\/e97.ch\/WordPress\/wp-content\/uploads\/2012\/11\/20120316_160231-1024x768.jpg 1024w, https:\/\/e97.ch\/WordPress\/wp-content\/uploads\/2012\/11\/20120316_160231-200x150.jpg 200w\" sizes=\"(max-width: 300px) 100vw, 300px\" \/><\/a><p id=\"caption-attachment-133\" class=\"wp-caption-text\">Sudada ist noch fern<\/p><\/div>\n<div id=\"attachment_134\" style=\"width: 310px\" class=\"wp-caption aligncenter\"><a href=\"https:\/\/e97.ch\/WordPress\/wp-content\/uploads\/2012\/11\/20120316_160234.jpg\"><img loading=\"lazy\" decoding=\"async\" aria-describedby=\"caption-attachment-134\" class=\"size-medium wp-image-134\" title=\"20120316_160234\" alt=\"Auf der Piste zwischen Rest. Alpsu und Rest. Sudada, 2012-03-16\" src=\"https:\/\/e97.ch\/WordPress\/wp-content\/uploads\/2012\/11\/20120316_160234-300x225.jpg\" width=\"300\" height=\"225\" srcset=\"https:\/\/e97.ch\/WordPress\/wp-content\/uploads\/2012\/11\/20120316_160234-300x225.jpg 300w, https:\/\/e97.ch\/WordPress\/wp-content\/uploads\/2012\/11\/20120316_160234-1024x768.jpg 1024w, https:\/\/e97.ch\/WordPress\/wp-content\/uploads\/2012\/11\/20120316_160234-200x150.jpg 200w\" sizes=\"(max-width: 300px) 100vw, 300px\" \/><\/a><p id=\"caption-attachment-134\" class=\"wp-caption-text\">Auf der Piste zwischen Rest. Alpsu und Rest. Sudada, 2012-03-16<\/p><\/div>\n<div id=\"attachment_135\" style=\"width: 310px\" class=\"wp-caption aligncenter\"><a href=\"https:\/\/e97.ch\/WordPress\/wp-content\/uploads\/2012\/11\/20120316_160438.jpg\"><img loading=\"lazy\" decoding=\"async\" aria-describedby=\"caption-attachment-135\" class=\"size-medium wp-image-135\" title=\"20120316_160438\" alt=\"Auf der Piste zwischen Rest. Alpsu und Rest. Sudada, 2012-03-16\" src=\"https:\/\/e97.ch\/WordPress\/wp-content\/uploads\/2012\/11\/20120316_160438-300x225.jpg\" width=\"300\" height=\"225\" srcset=\"https:\/\/e97.ch\/WordPress\/wp-content\/uploads\/2012\/11\/20120316_160438-300x225.jpg 300w, https:\/\/e97.ch\/WordPress\/wp-content\/uploads\/2012\/11\/20120316_160438-1024x768.jpg 1024w, https:\/\/e97.ch\/WordPress\/wp-content\/uploads\/2012\/11\/20120316_160438-200x150.jpg 200w\" sizes=\"(max-width: 300px) 100vw, 300px\" \/><\/a><p id=\"caption-attachment-135\" class=\"wp-caption-text\">etwas n\u00e4her am Sudada<\/p><\/div>\n<div id=\"attachment_136\" style=\"width: 310px\" class=\"wp-caption aligncenter\"><a href=\"https:\/\/e97.ch\/WordPress\/wp-content\/uploads\/2012\/11\/20120316_160503.jpg\"><img loading=\"lazy\" decoding=\"async\" aria-describedby=\"caption-attachment-136\" class=\"size-medium wp-image-136\" title=\"20120316_160503\" alt=\"Auf der Piste zwischen Rest. Alpsu und Rest. Sudada, 2012-03-16\" src=\"https:\/\/e97.ch\/WordPress\/wp-content\/uploads\/2012\/11\/20120316_160503-300x225.jpg\" width=\"300\" height=\"225\" srcset=\"https:\/\/e97.ch\/WordPress\/wp-content\/uploads\/2012\/11\/20120316_160503-300x225.jpg 300w, https:\/\/e97.ch\/WordPress\/wp-content\/uploads\/2012\/11\/20120316_160503-1024x768.jpg 1024w, https:\/\/e97.ch\/WordPress\/wp-content\/uploads\/2012\/11\/20120316_160503-200x150.jpg 200w\" sizes=\"(max-width: 300px) 100vw, 300px\" \/><\/a><p id=\"caption-attachment-136\" class=\"wp-caption-text\">nun ist der Fotograf auch etwas n\u00e4her am Sudada<\/p><\/div>\n<div id=\"attachment_137\" style=\"width: 310px\" class=\"wp-caption aligncenter\"><a href=\"https:\/\/e97.ch\/WordPress\/wp-content\/uploads\/2012\/11\/20120316_161621.jpg\"><img loading=\"lazy\" decoding=\"async\" aria-describedby=\"caption-attachment-137\" class=\"size-medium wp-image-137\" title=\"20120316_161621\" alt=\"Auf der Piste zwischen Rest. Alpsu und Rest. Sudada, 2012-03-16\" src=\"https:\/\/e97.ch\/WordPress\/wp-content\/uploads\/2012\/11\/20120316_161621-300x225.jpg\" width=\"300\" height=\"225\" srcset=\"https:\/\/e97.ch\/WordPress\/wp-content\/uploads\/2012\/11\/20120316_161621-300x225.jpg 300w, https:\/\/e97.ch\/WordPress\/wp-content\/uploads\/2012\/11\/20120316_161621-1024x768.jpg 1024w, https:\/\/e97.ch\/WordPress\/wp-content\/uploads\/2012\/11\/20120316_161621-200x150.jpg 200w\" sizes=\"(max-width: 300px) 100vw, 300px\" \/><\/a><p id=\"caption-attachment-137\" class=\"wp-caption-text\">schon ziemlich nah am Sudada<\/p><\/div>\n<div id=\"attachment_138\" style=\"width: 310px\" class=\"wp-caption aligncenter\"><a href=\"https:\/\/e97.ch\/WordPress\/wp-content\/uploads\/2012\/11\/20120316_161827.jpg\"><img loading=\"lazy\" decoding=\"async\" aria-describedby=\"caption-attachment-138\" class=\"size-medium wp-image-138\" title=\"20120316_161827\" alt=\"Restaurant Sudada, 2012-03-16\" src=\"https:\/\/e97.ch\/WordPress\/wp-content\/uploads\/2012\/11\/20120316_161827-300x225.jpg\" width=\"300\" height=\"225\" srcset=\"https:\/\/e97.ch\/WordPress\/wp-content\/uploads\/2012\/11\/20120316_161827-300x225.jpg 300w, https:\/\/e97.ch\/WordPress\/wp-content\/uploads\/2012\/11\/20120316_161827-1024x768.jpg 1024w, https:\/\/e97.ch\/WordPress\/wp-content\/uploads\/2012\/11\/20120316_161827-200x150.jpg 200w\" sizes=\"(max-width: 300px) 100vw, 300px\" \/><\/a><p id=\"caption-attachment-138\" class=\"wp-caption-text\">Kafi Sudada, Runde 1 .. beendet.<\/p><\/div>\n<div id=\"attachment_139\" style=\"width: 310px\" class=\"wp-caption aligncenter\"><a href=\"https:\/\/e97.ch\/WordPress\/wp-content\/uploads\/2012\/11\/20120316_162718.jpg\"><img loading=\"lazy\" decoding=\"async\" aria-describedby=\"caption-attachment-139\" class=\"size-medium wp-image-139\" title=\"20120316_162718\" alt=\"Restaurant Sudada, 2012-03-16\" src=\"https:\/\/e97.ch\/WordPress\/wp-content\/uploads\/2012\/11\/20120316_162718-300x225.jpg\" width=\"300\" height=\"225\" srcset=\"https:\/\/e97.ch\/WordPress\/wp-content\/uploads\/2012\/11\/20120316_162718-300x225.jpg 300w, https:\/\/e97.ch\/WordPress\/wp-content\/uploads\/2012\/11\/20120316_162718-1024x768.jpg 1024w, https:\/\/e97.ch\/WordPress\/wp-content\/uploads\/2012\/11\/20120316_162718-200x150.jpg 200w\" sizes=\"(max-width: 300px) 100vw, 300px\" \/><\/a><p id=\"caption-attachment-139\" class=\"wp-caption-text\">Kafi Sudada, Runde 2 .. auf geht&#8217;s!<\/p><\/div>\n<div id=\"attachment_140\" style=\"width: 310px\" class=\"wp-caption aligncenter\"><a href=\"https:\/\/e97.ch\/WordPress\/wp-content\/uploads\/2012\/11\/20120316_162721.jpg\"><img loading=\"lazy\" decoding=\"async\" aria-describedby=\"caption-attachment-140\" class=\"size-medium wp-image-140\" title=\"20120316_162721\" alt=\"Restaurant Sudada, 2012-03-16\" src=\"https:\/\/e97.ch\/WordPress\/wp-content\/uploads\/2012\/11\/20120316_162721-300x225.jpg\" width=\"300\" height=\"225\" srcset=\"https:\/\/e97.ch\/WordPress\/wp-content\/uploads\/2012\/11\/20120316_162721-300x225.jpg 300w, https:\/\/e97.ch\/WordPress\/wp-content\/uploads\/2012\/11\/20120316_162721-1024x768.jpg 1024w, https:\/\/e97.ch\/WordPress\/wp-content\/uploads\/2012\/11\/20120316_162721-200x150.jpg 200w\" sizes=\"(max-width: 300px) 100vw, 300px\" \/><\/a><p id=\"caption-attachment-140\" class=\"wp-caption-text\">&#8230;das hatten wir doch schon .. LOS jetzt!!<\/p><\/div>\n<div id=\"attachment_141\" style=\"width: 310px\" class=\"wp-caption aligncenter\"><a href=\"https:\/\/e97.ch\/WordPress\/wp-content\/uploads\/2012\/11\/20120317_123629.jpg\"><img loading=\"lazy\" decoding=\"async\" aria-describedby=\"caption-attachment-141\" class=\"size-medium wp-image-141\" title=\"20120317_123629\" alt=\"Restaurant Sudada, 2012-03-17\" src=\"https:\/\/e97.ch\/WordPress\/wp-content\/uploads\/2012\/11\/20120317_123629-300x225.jpg\" width=\"300\" height=\"225\" srcset=\"https:\/\/e97.ch\/WordPress\/wp-content\/uploads\/2012\/11\/20120317_123629-300x225.jpg 300w, https:\/\/e97.ch\/WordPress\/wp-content\/uploads\/2012\/11\/20120317_123629-1024x768.jpg 1024w, https:\/\/e97.ch\/WordPress\/wp-content\/uploads\/2012\/11\/20120317_123629-200x150.jpg 200w\" sizes=\"(max-width: 300px) 100vw, 300px\" \/><\/a><p id=\"caption-attachment-141\" class=\"wp-caption-text\">lesen, verstehen, ausw\u00e4hlen, bestellen, warten, warten, warten, warten, &#8230;<\/p><\/div>\n<div id=\"attachment_142\" style=\"width: 310px\" class=\"wp-caption aligncenter\"><a href=\"https:\/\/e97.ch\/WordPress\/wp-content\/uploads\/2012\/11\/20120317_123633.jpg\"><img loading=\"lazy\" decoding=\"async\" aria-describedby=\"caption-attachment-142\" class=\"size-medium wp-image-142\" title=\"20120317_123633\" alt=\"Restaurant Sudada, 2012-03-17\" src=\"https:\/\/e97.ch\/WordPress\/wp-content\/uploads\/2012\/11\/20120317_123633-300x225.jpg\" width=\"300\" height=\"225\" srcset=\"https:\/\/e97.ch\/WordPress\/wp-content\/uploads\/2012\/11\/20120317_123633-300x225.jpg 300w, https:\/\/e97.ch\/WordPress\/wp-content\/uploads\/2012\/11\/20120317_123633-1024x768.jpg 1024w, https:\/\/e97.ch\/WordPress\/wp-content\/uploads\/2012\/11\/20120317_123633-200x150.jpg 200w\" sizes=\"(max-width: 300px) 100vw, 300px\" \/><\/a><p id=\"caption-attachment-142\" class=\"wp-caption-text\">&#8230;warten, warten, warten, warten, essen, bezahlen und ade!<\/p><\/div>\n","protected":false},"excerpt":{"rendered":"<p>Datum 16.3.12 &#8211; 18.3.12 Ort Hotel\u00a0Kr\u00fczli,\u00a0Sedrun Teilnehmer Rekordverd\u00e4chtige 13 Teilnehmer -&gt; Google-Umfrage &nbsp; Einige Bilder &nbsp;<\/p>\n","protected":false},"author":2,"featured_media":133,"parent":160,"menu_order":20,"comment_status":"closed","ping_status":"closed","template":"","meta":{"footnotes":""},"class_list":["post-129","page","type-page","status-publish","has-post-thumbnail","hentry"],"_links":{"self":[{"href":"https:\/\/e97.ch\/WordPress\/wp-json\/wp\/v2\/pages\/129"}],"collection":[{"href":"https:\/\/e97.ch\/WordPress\/wp-json\/wp\/v2\/pages"}],"about":[{"href":"https:\/\/e97.ch\/WordPress\/wp-json\/wp\/v2\/types\/page"}],"author":[{"embeddable":true,"href":"https:\/\/e97.ch\/WordPress\/wp-json\/wp\/v2\/users\/2"}],"replies":[{"embeddable":true,"href":"https:\/\/e97.ch\/WordPress\/wp-json\/wp\/v2\/comments?post=129"}],"version-history":[{"count":11,"href":"https:\/\/e97.ch\/WordPress\/wp-json\/wp\/v2\/pages\/129\/revisions"}],"predecessor-version":[{"id":444,"href":"https:\/\/e97.ch\/WordPress\/wp-json\/wp\/v2\/pages\/129\/revisions\/444"}],"up":[{"embeddable":true,"href":"https:\/\/e97.ch\/WordPress\/wp-json\/wp\/v2\/pages\/160"}],"wp:featuredmedia":[{"embeddable":true,"href":"https:\/\/e97.ch\/WordPress\/wp-json\/wp\/v2\/media\/133"}],"wp:attachment":[{"href":"https:\/\/e97.ch\/WordPress\/wp-json\/wp\/v2\/media?parent=129"}],"curies":[{"name":"wp","href":"https:\/\/api.w.org\/{rel}","templated":true}]}}