{"id":191,"date":"2013-03-08T01:03:47","date_gmt":"2013-03-07T23:03:47","guid":{"rendered":"http:\/\/e97.ch\/?page_id=191"},"modified":"2013-03-08T01:06:20","modified_gmt":"2013-03-07T23:06:20","slug":"programm-2013","status":"publish","type":"page","link":"https:\/\/e97.ch\/WordPress\/weekends\/ski-weekend-2013\/programm-2013\/","title":{"rendered":"Programm 2013"},"content":{"rendered":"<p>Hallo zusammen<\/p>\n<p>Wie ich sehe seit ihr schon fleissig am Organisieren&#8230; Hier ein paar Infos\/Vorschl\u00e4ge meinerseits:<\/p>\n<p>&#8211; Da wir ja den Tag n\u00fctzen wollen und die Meisten zw. 9 und 10 in Sedrun sein werden schlage ich vor, dass wir uns direkt am Bahnhof treffen und dann den 10:31 Zug bis zum Oberalp nehmen. Danach &#171;fr\u00f6hliches&#187; Fahren bis die Oberschenkel brennen, dass w\u00e4re so ca. bis 13:00. Dann bietet sich das obligate Restaurant Alpsu auf dem Oberalppass f\u00fcr ein gemeinsames Mittagessen auf der Sonnenterrasse an. Das w\u00e4re dann auch der Treffpunkt f\u00fcr diejenigen, die sp\u00e4ter anreisen. Hotel k\u00f6nnen wir dann nach den ersten &#171;Paar&#187; Runden Caf\u00e9 Sudada beziehen.<br \/>\n&#8211; Nachtessen ist ja organisiert, da gibts nichts zu Mekern&#8230;<br \/>\n&#8211; Wie Andy erw\u00e4hnt hat gibt es f\u00fcr Raiffeisen Mitglieder eine Tageskarte f\u00fcr den Freitag zum halben Preis. Skip\u00e4sse kann man am Bahnhof oder bei der Talstation Dieni kaufen (inkl. Zug)<br \/>\n&#8211; @Ralph: &#8230; nicht vergessen ;-)<br \/>\n&#8211; @Alle: Gute Laune, reichlich Appetit und massvollen Durst nicht vergessen<br \/>\n&#8211; @Didi: Gervosa vegn empustada sil temps giavischau<\/p>\n<p>Ich freue mich auf ein weiteres entspannendes Skiweekend<\/p>\n<p>Bis dann und gute Anreise<\/p>\n<p>R\u00f6bi<\/p>\n","protected":false},"excerpt":{"rendered":"<p>Hallo zusammen Wie ich sehe seit ihr schon fleissig am Organisieren&#8230; Hier ein paar Infos\/Vorschl\u00e4ge meinerseits: &#8211; Da wir ja den Tag n\u00fctzen wollen und die Meisten zw. 9 und 10 in Sedrun sein werden schlage ich vor, dass wir uns direkt am Bahnhof treffen und dann den 10:31 Zug \u2026 <a class=\"continue-reading-link\" href=\"https:\/\/e97.ch\/WordPress\/weekends\/ski-weekend-2013\/programm-2013\/\"> Continue reading <span class=\"meta-nav\">&rarr; <\/span><\/a><\/p>\n","protected":false},"author":2,"featured_media":0,"parent":152,"menu_order":0,"comment_status":"closed","ping_status":"closed","template":"","meta":{"footnotes":""},"class_list":["post-191","page","type-page","status-publish","hentry"],"_links":{"self":[{"href":"https:\/\/e97.ch\/WordPress\/wp-json\/wp\/v2\/pages\/191"}],"collection":[{"href":"https:\/\/e97.ch\/WordPress\/wp-json\/wp\/v2\/pages"}],"about":[{"href":"https:\/\/e97.ch\/WordPress\/wp-json\/wp\/v2\/types\/page"}],"author":[{"embeddable":true,"href":"https:\/\/e97.ch\/WordPress\/wp-json\/wp\/v2\/users\/2"}],"replies":[{"embeddable":true,"href":"https:\/\/e97.ch\/WordPress\/wp-json\/wp\/v2\/comments?post=191"}],"version-history":[{"count":3,"href":"https:\/\/e97.ch\/WordPress\/wp-json\/wp\/v2\/pages\/191\/revisions"}],"predecessor-version":[{"id":194,"href":"https:\/\/e97.ch\/WordPress\/wp-json\/wp\/v2\/pages\/191\/revisions\/194"}],"up":[{"embeddable":true,"href":"https:\/\/e97.ch\/WordPress\/wp-json\/wp\/v2\/pages\/152"}],"wp:attachment":[{"href":"https:\/\/e97.ch\/WordPress\/wp-json\/wp\/v2\/media?parent=191"}],"curies":[{"name":"wp","href":"https:\/\/api.w.org\/{rel}","templated":true}]}}