{"id":200,"date":"2013-03-10T18:00:23","date_gmt":"2013-03-10T16:00:23","guid":{"rendered":"http:\/\/e97.ch\/?page_id=200"},"modified":"2013-03-12T17:38:06","modified_gmt":"2013-03-12T15:38:06","slug":"teilnehmer-2013","status":"publish","type":"page","link":"https:\/\/e97.ch\/WordPress\/weekends\/ski-weekend-2013\/teilnehmer-2013\/","title":{"rendered":"Teilnehmer 2013"},"content":{"rendered":"<pre>Sagenhaft, (fast) alle haben heuer \r\nden Weg nach Sedrun gefunden. Super! \r\nAndi\r\nArmin\r\nBastian\r\nChrigi\r\nDidi\r\nMac\r\nMichi Br\u00e4ndli\r\nMichi Ritter\r\nMigg\r\nPIR\r\nReto\r\nR\u00f6bi, vielen Dank f\u00fcr die Organisation\r\nSimon\r\nUrs\r\nWildi<\/pre>\n","protected":false},"excerpt":{"rendered":"<p>Sagenhaft, (fast) alle haben heuer den Weg nach Sedrun gefunden. Super! Andi Armin Bastian Chrigi Didi Mac Michi Br\u00e4ndli Michi Ritter Migg PIR Reto R\u00f6bi, vielen Dank f\u00fcr die Organisation Simon Urs Wildi<\/p>\n","protected":false},"author":2,"featured_media":0,"parent":152,"menu_order":2,"comment_status":"closed","ping_status":"closed","template":"","meta":{"footnotes":""},"class_list":["post-200","page","type-page","status-publish","hentry"],"_links":{"self":[{"href":"https:\/\/e97.ch\/WordPress\/wp-json\/wp\/v2\/pages\/200"}],"collection":[{"href":"https:\/\/e97.ch\/WordPress\/wp-json\/wp\/v2\/pages"}],"about":[{"href":"https:\/\/e97.ch\/WordPress\/wp-json\/wp\/v2\/types\/page"}],"author":[{"embeddable":true,"href":"https:\/\/e97.ch\/WordPress\/wp-json\/wp\/v2\/users\/2"}],"replies":[{"embeddable":true,"href":"https:\/\/e97.ch\/WordPress\/wp-json\/wp\/v2\/comments?post=200"}],"version-history":[{"count":6,"href":"https:\/\/e97.ch\/WordPress\/wp-json\/wp\/v2\/pages\/200\/revisions"}],"predecessor-version":[{"id":202,"href":"https:\/\/e97.ch\/WordPress\/wp-json\/wp\/v2\/pages\/200\/revisions\/202"}],"up":[{"embeddable":true,"href":"https:\/\/e97.ch\/WordPress\/wp-json\/wp\/v2\/pages\/152"}],"wp:attachment":[{"href":"https:\/\/e97.ch\/WordPress\/wp-json\/wp\/v2\/media?parent=200"}],"curies":[{"name":"wp","href":"https:\/\/api.w.org\/{rel}","templated":true}]}}