{"id":319,"date":"2017-02-21T11:30:11","date_gmt":"2017-02-21T10:30:11","guid":{"rendered":"http:\/\/e97.ch\/?page_id=319"},"modified":"2021-07-09T06:34:54","modified_gmt":"2021-07-09T05:34:54","slug":"ski-weekend-2017","status":"publish","type":"page","link":"https:\/\/e97.ch\/WordPress\/weekends\/ski-weekend-2017\/","title":{"rendered":"Ski-Weekend 2017"},"content":{"rendered":"<table>\n<tbody>\n<tr>\n<td>Datum<\/td>\n<td>10.-12.3.17<\/td>\n<\/tr>\n<tr>\n<td>Ort<\/td>\n<td><a title=\"Hotel Kr\u00fczli, Sedrun\" href=\"https:\/\/e97.ch\/WordPress\/pictures\/hotel-kruezli.png\" rel=\"lytebox\">Hotel<\/a>\u00a0<a title=\"Hotel Kr\u00fczli, Sedrun\" href=\"http:\/\/www.kruezli.ch\" target=\"_blank\" rel=\"noopener\">Kr\u00fczli,<\/a>\u00a0<a href=\"http:\/\/www.disentis-sedrun.com\/\" target=\"_blank\" rel=\"noopener\">Sedrun<\/a><\/td>\n<\/tr>\n<tr>\n<td>Teilnehmer<\/td>\n<td><a href=\"http:\/\/doodle.com\/poll\/3xgfh4kastpuw8tb\">Zur Teilnehmerliste<\/a><\/td>\n<\/tr>\n<\/tbody>\n<\/table>\n<p>&nbsp;<\/p>\n<p><strong>R\u00fcckblick Ski-Weekend 2017<br \/>\n<\/strong>Die winterlichen Naturgewalten f\u00fchrten am Freitag dazu, dass zwei Kollegen kurz vor dem Ziel auf eine alternative Anfahrtsroute ausweichen mussten. In der Folge strich einer der beiden die Segel und nutzte das wunderbare Wetter, um zu Hause einem anderen Hobby, dem Mountainbiken, zu fr\u00f6nen. Der andere entschied sich f\u00fcr das Schweizer-Reisli und zog wahrscheinlich an einigen Ort den einen oder anderen verwunderten Blick auf sich. Einige Stichworte gef\u00e4llig: Fr\u00fchlingshafte Temperaturen, Bahnhof Pf\u00e4ffikon SZ, Mitten am Tag, t\u00fcrkische Spezialit\u00e4ten (oder so) geniessend (oder so ;-) \u00a0), gut winterlich ausger\u00fcstet und entsprechend ANGEZOGEN (lange Unterhosen, Skihosen etc.) an der Sonne sitzen&#8230;<br \/>\nNun gut, auf die zweite Sudada-Runde waren wir dann plus-minus komplett. Die Mehrheit nach anstrengenden Stunden auf den Skiern, der Rest wahrscheinlich nach nicht minder anstrengenden Stunden im Zug. Das was dann folgte, glich den vergangenen paar Ausgaben des Ski-Weekends. Viel Spass, gutes Essen, spannende Gespr\u00e4che (Kernthemen: IoT sowie JIRA\/Confluence), interessante Idee (TipToy \u00e4h TipJoy (das gibt es im Fall schon)) etc.<\/p>\n","protected":false},"excerpt":{"rendered":"<p>Datum 10.-12.3.17 Ort Hotel\u00a0Kr\u00fczli,\u00a0Sedrun Teilnehmer Zur Teilnehmerliste &nbsp; R\u00fcckblick Ski-Weekend 2017 Die winterlichen Naturgewalten f\u00fchrten am Freitag dazu, dass zwei Kollegen kurz vor dem Ziel auf eine alternative Anfahrtsroute ausweichen mussten. In der Folge strich einer der beiden die Segel und nutzte das wunderbare Wetter, um zu Hause einem anderen \u2026 <a class=\"continue-reading-link\" href=\"https:\/\/e97.ch\/WordPress\/weekends\/ski-weekend-2017\/\"> Continue reading <span class=\"meta-nav\">&rarr; <\/span><\/a><\/p>\n","protected":false},"author":2,"featured_media":0,"parent":160,"menu_order":15,"comment_status":"closed","ping_status":"closed","template":"","meta":{"footnotes":""},"class_list":["post-319","page","type-page","status-publish","hentry"],"_links":{"self":[{"href":"https:\/\/e97.ch\/WordPress\/wp-json\/wp\/v2\/pages\/319"}],"collection":[{"href":"https:\/\/e97.ch\/WordPress\/wp-json\/wp\/v2\/pages"}],"about":[{"href":"https:\/\/e97.ch\/WordPress\/wp-json\/wp\/v2\/types\/page"}],"author":[{"embeddable":true,"href":"https:\/\/e97.ch\/WordPress\/wp-json\/wp\/v2\/users\/2"}],"replies":[{"embeddable":true,"href":"https:\/\/e97.ch\/WordPress\/wp-json\/wp\/v2\/comments?post=319"}],"version-history":[{"count":4,"href":"https:\/\/e97.ch\/WordPress\/wp-json\/wp\/v2\/pages\/319\/revisions"}],"predecessor-version":[{"id":449,"href":"https:\/\/e97.ch\/WordPress\/wp-json\/wp\/v2\/pages\/319\/revisions\/449"}],"up":[{"embeddable":true,"href":"https:\/\/e97.ch\/WordPress\/wp-json\/wp\/v2\/pages\/160"}],"wp:attachment":[{"href":"https:\/\/e97.ch\/WordPress\/wp-json\/wp\/v2\/media?parent=319"}],"curies":[{"name":"wp","href":"https:\/\/api.w.org\/{rel}","templated":true}]}}